{"id":1381,"date":"2022-09-18T23:36:14","date_gmt":"2022-09-18T23:36:14","guid":{"rendered":"https:\/\/uus.kaariku.ee\/kontakt\/"},"modified":"2025-05-07T07:16:06","modified_gmt":"2025-05-07T07:16:06","slug":"contact","status":"publish","type":"page","link":"https:\/\/kaariku.ee\/en\/contact\/","title":{"rendered":"Contact"},"content":{"rendered":"\n<div class=\"wp-block-columns is-layout-flex wp-container-core-columns-is-layout-9d6595d7 wp-block-columns-is-layout-flex\">\n<div class=\"wp-block-column is-layout-flow wp-block-column-is-layout-flow\" style=\"flex-basis:100%\">\n<div class=\"wp-block-group\"><div class=\"wp-block-group__inner-container is-layout-flow wp-block-group-is-layout-flow\">\n<div class=\"wp-block-group\"><div class=\"wp-block-group__inner-container is-layout-flow wp-block-group-is-layout-flow\">\n<div class=\"wp-block-group\"><div class=\"wp-block-group__inner-container is-layout-flow wp-block-group-is-layout-flow\">\n<div class=\"wp-block-columns is-layout-flex wp-container-core-columns-is-layout-9d6595d7 wp-block-columns-is-layout-flex\">\n<div class=\"wp-block-column is-layout-flow wp-block-column-is-layout-flow\">\n<p><strong><strong>SA Tehvandi Spordikeskus<\/strong><\/strong><\/p>\n\n\n\n<p class=\"has-small-font-size\">www.tehvandisa.ee; tehvandi@tehvandi.ee<\/p>\n\n\n\n<p><strong>Registry code<\/strong>: 90007715<br><strong>VAT nr<\/strong>: EE100942233<\/p>\n\n\n\n<div style=\"height:50px\" aria-hidden=\"true\" class=\"wp-block-spacer\"><\/div>\n\n\n\n<p><strong>Bank accounts:<\/strong><\/p>\n\n\n\n<p><strong><em>(SEB)<\/em><\/strong><br>EE171010220041128012 <br>SWIFT(BIC) &#8211; EEUHEE2X<\/p>\n\n\n\n<p><\/p>\n<\/div>\n\n\n\n<div class=\"wp-block-column is-layout-flow wp-block-column-is-layout-flow\">\n<p><strong><strong>K\u00e4\u00e4riku Sports Center<\/strong>&nbsp;<\/strong><br>K\u00e4\u00e4riku 67301, Otep\u00e4\u00e4 Parish. Estonia<\/p>\n\n\n\n<p><strong>Info and booking<\/strong>:&nbsp;<br>(+372) 766 5600, (+372) 510 9209<\/p>\n\n\n\n<p><strong>E-mail<\/strong>:<br>kaariku@tehvandi.ee<\/p>\n\n\n\n<div style=\"height:100px\" aria-hidden=\"true\" class=\"wp-block-spacer\"><\/div>\n\n\n\n<div class=\"wp-block-group\"><div class=\"wp-block-group__inner-container is-layout-flow wp-block-group-is-layout-flow\">\n<div class=\"col-xs-12 col-md-12 col-lg-12\">\n\t\t\t<a href=\"https:\/\/www.facebook.com\/eestisporditreeningkeskus\" target=\"_blank\" rel=\"noopener\"><img decoding=\"async\" src=\"https:\/\/kaariku.ee\/wp-content\/themes\/kaariku\/img\/fb.png\"><\/a>\n\n\t\t\t<a href=\"https:\/\/www.youtube.com\/user\/Kaariku\" target=\"_blank\" rel=\"noopener\"><img decoding=\"async\" src=\"https:\/\/kaariku.ee\/wp-content\/themes\/kaariku\/img\/youtube.png\"><\/a>\n\t\t<\/div>\n<\/div><\/div>\n<\/div>\n<\/div>\n<\/div><\/div>\n<\/div><\/div>\n<\/div><\/div>\n<\/div>\n<\/div>\n","protected":false},"excerpt":{"rendered":"<p>SA Tehvandi Spordikeskus www.tehvandisa.ee; tehvandi@tehvandi.ee Registry code: 90007715VAT nr: EE100942233 Bank accounts: &#8230;<\/p>\n","protected":false},"author":2,"featured_media":0,"parent":0,"menu_order":0,"comment_status":"closed","ping_status":"closed","template":"","meta":{"_acf_changed":false,"footnotes":""},"class_list":["post-1381","page","type-page","status-publish","hentry"],"acf":[],"yoast_head":"<!-- This site is optimized with the Yoast SEO plugin v27.4 - https:\/\/yoast.com\/product\/yoast-seo-wordpress\/ -->\n<title>Contact - K\u00e4\u00e4riku Spordikeskus<\/title>\n<meta name=\"robots\" content=\"index, follow, max-snippet:-1, max-image-preview:large, max-video-preview:-1\" \/>\n<link rel=\"canonical\" href=\"https:\/\/kaariku.ee\/en\/contact\/\" \/>\n<meta property=\"og:locale\" content=\"en_US\" \/>\n<meta property=\"og:type\" content=\"article\" \/>\n<meta property=\"og:title\" content=\"Contact - K\u00e4\u00e4riku Spordikeskus\" \/>\n<meta property=\"og:description\" content=\"SA Tehvandi Spordikeskus www.tehvandisa.ee; tehvandi@tehvandi.ee Registry code: 90007715VAT nr: EE100942233 Bank accounts: ...\" \/>\n<meta property=\"og:url\" content=\"https:\/\/kaariku.ee\/en\/contact\/\" \/>\n<meta property=\"og:site_name\" content=\"K\u00e4\u00e4riku Spordikeskus\" \/>\n<meta property=\"article:publisher\" content=\"https:\/\/www.facebook.com\/eestisporditreeningkeskus\" \/>\n<meta property=\"article:modified_time\" content=\"2025-05-07T07:16:06+00:00\" \/>\n<meta property=\"og:image\" content=\"https:\/\/kaariku.ee\/wp-content\/themes\/kaariku\/img\/fb.png\" \/>\n<meta name=\"twitter:card\" content=\"summary_large_image\" \/>\n<script type=\"application\/ld+json\" class=\"yoast-schema-graph\">{\"@context\":\"https:\\\/\\\/schema.org\",\"@graph\":[{\"@type\":\"WebPage\",\"@id\":\"https:\\\/\\\/kaariku.ee\\\/en\\\/contact\\\/\",\"url\":\"https:\\\/\\\/kaariku.ee\\\/en\\\/contact\\\/\",\"name\":\"Contact - K\u00e4\u00e4riku Spordikeskus\",\"isPartOf\":{\"@id\":\"https:\\\/\\\/kaariku.ee\\\/en\\\/#website\"},\"primaryImageOfPage\":{\"@id\":\"https:\\\/\\\/kaariku.ee\\\/en\\\/contact\\\/#primaryimage\"},\"image\":{\"@id\":\"https:\\\/\\\/kaariku.ee\\\/en\\\/contact\\\/#primaryimage\"},\"thumbnailUrl\":\"https:\\\/\\\/kaariku.ee\\\/wp-content\\\/themes\\\/kaariku\\\/img\\\/fb.png\",\"datePublished\":\"2022-09-18T23:36:14+00:00\",\"dateModified\":\"2025-05-07T07:16:06+00:00\",\"breadcrumb\":{\"@id\":\"https:\\\/\\\/kaariku.ee\\\/en\\\/contact\\\/#breadcrumb\"},\"inLanguage\":\"en-US\",\"potentialAction\":[{\"@type\":\"ReadAction\",\"target\":[\"https:\\\/\\\/kaariku.ee\\\/en\\\/contact\\\/\"]}]},{\"@type\":\"ImageObject\",\"inLanguage\":\"en-US\",\"@id\":\"https:\\\/\\\/kaariku.ee\\\/en\\\/contact\\\/#primaryimage\",\"url\":\"https:\\\/\\\/kaariku.ee\\\/wp-content\\\/themes\\\/kaariku\\\/img\\\/fb.png\",\"contentUrl\":\"https:\\\/\\\/kaariku.ee\\\/wp-content\\\/themes\\\/kaariku\\\/img\\\/fb.png\"},{\"@type\":\"BreadcrumbList\",\"@id\":\"https:\\\/\\\/kaariku.ee\\\/en\\\/contact\\\/#breadcrumb\",\"itemListElement\":[{\"@type\":\"ListItem\",\"position\":1,\"name\":\"Home\",\"item\":\"https:\\\/\\\/kaariku.ee\\\/en\\\/\"},{\"@type\":\"ListItem\",\"position\":2,\"name\":\"Contact\"}]},{\"@type\":\"WebSite\",\"@id\":\"https:\\\/\\\/kaariku.ee\\\/en\\\/#website\",\"url\":\"https:\\\/\\\/kaariku.ee\\\/en\\\/\",\"name\":\"K\u00e4\u00e4riku Spordikeskus\",\"description\":\"Eesti Spordi Treeningkeskus aastast 1947\",\"publisher\":{\"@id\":\"https:\\\/\\\/kaariku.ee\\\/en\\\/#organization\"},\"potentialAction\":[{\"@type\":\"SearchAction\",\"target\":{\"@type\":\"EntryPoint\",\"urlTemplate\":\"https:\\\/\\\/kaariku.ee\\\/en\\\/?s={search_term_string}\"},\"query-input\":{\"@type\":\"PropertyValueSpecification\",\"valueRequired\":true,\"valueName\":\"search_term_string\"}}],\"inLanguage\":\"en-US\"},{\"@type\":\"Organization\",\"@id\":\"https:\\\/\\\/kaariku.ee\\\/en\\\/#organization\",\"name\":\"K\u00e4\u00e4riku Spordikeskus\",\"url\":\"https:\\\/\\\/kaariku.ee\\\/en\\\/\",\"logo\":{\"@type\":\"ImageObject\",\"inLanguage\":\"en-US\",\"@id\":\"https:\\\/\\\/kaariku.ee\\\/en\\\/#\\\/schema\\\/logo\\\/image\\\/\",\"url\":\"https:\\\/\\\/kaariku.ee\\\/wp-content\\\/uploads\\\/2025\\\/09\\\/Kaariku-Spordikeskus-logo-2.gif\",\"contentUrl\":\"https:\\\/\\\/kaariku.ee\\\/wp-content\\\/uploads\\\/2025\\\/09\\\/Kaariku-Spordikeskus-logo-2.gif\",\"width\":1094,\"height\":996,\"caption\":\"K\u00e4\u00e4riku Spordikeskus\"},\"image\":{\"@id\":\"https:\\\/\\\/kaariku.ee\\\/en\\\/#\\\/schema\\\/logo\\\/image\\\/\"},\"sameAs\":[\"https:\\\/\\\/www.facebook.com\\\/eestisporditreeningkeskus\",\"https:\\\/\\\/www.instagram.com\\\/kaarikuspordikeskus\\\/\"]}]}<\/script>\n<!-- \/ Yoast SEO plugin. -->","yoast_head_json":{"title":"Contact - K\u00e4\u00e4riku Spordikeskus","robots":{"index":"index","follow":"follow","max-snippet":"max-snippet:-1","max-image-preview":"max-image-preview:large","max-video-preview":"max-video-preview:-1"},"canonical":"https:\/\/kaariku.ee\/en\/contact\/","og_locale":"en_US","og_type":"article","og_title":"Contact - K\u00e4\u00e4riku Spordikeskus","og_description":"SA Tehvandi Spordikeskus www.tehvandisa.ee; tehvandi@tehvandi.ee Registry code: 90007715VAT nr: EE100942233 Bank accounts: ...","og_url":"https:\/\/kaariku.ee\/en\/contact\/","og_site_name":"K\u00e4\u00e4riku Spordikeskus","article_publisher":"https:\/\/www.facebook.com\/eestisporditreeningkeskus","article_modified_time":"2025-05-07T07:16:06+00:00","og_image":[{"url":"https:\/\/kaariku.ee\/wp-content\/themes\/kaariku\/img\/fb.png","type":"","width":"","height":""}],"twitter_card":"summary_large_image","schema":{"@context":"https:\/\/schema.org","@graph":[{"@type":"WebPage","@id":"https:\/\/kaariku.ee\/en\/contact\/","url":"https:\/\/kaariku.ee\/en\/contact\/","name":"Contact - K\u00e4\u00e4riku Spordikeskus","isPartOf":{"@id":"https:\/\/kaariku.ee\/en\/#website"},"primaryImageOfPage":{"@id":"https:\/\/kaariku.ee\/en\/contact\/#primaryimage"},"image":{"@id":"https:\/\/kaariku.ee\/en\/contact\/#primaryimage"},"thumbnailUrl":"https:\/\/kaariku.ee\/wp-content\/themes\/kaariku\/img\/fb.png","datePublished":"2022-09-18T23:36:14+00:00","dateModified":"2025-05-07T07:16:06+00:00","breadcrumb":{"@id":"https:\/\/kaariku.ee\/en\/contact\/#breadcrumb"},"inLanguage":"en-US","potentialAction":[{"@type":"ReadAction","target":["https:\/\/kaariku.ee\/en\/contact\/"]}]},{"@type":"ImageObject","inLanguage":"en-US","@id":"https:\/\/kaariku.ee\/en\/contact\/#primaryimage","url":"https:\/\/kaariku.ee\/wp-content\/themes\/kaariku\/img\/fb.png","contentUrl":"https:\/\/kaariku.ee\/wp-content\/themes\/kaariku\/img\/fb.png"},{"@type":"BreadcrumbList","@id":"https:\/\/kaariku.ee\/en\/contact\/#breadcrumb","itemListElement":[{"@type":"ListItem","position":1,"name":"Home","item":"https:\/\/kaariku.ee\/en\/"},{"@type":"ListItem","position":2,"name":"Contact"}]},{"@type":"WebSite","@id":"https:\/\/kaariku.ee\/en\/#website","url":"https:\/\/kaariku.ee\/en\/","name":"K\u00e4\u00e4riku Spordikeskus","description":"Eesti Spordi Treeningkeskus aastast 1947","publisher":{"@id":"https:\/\/kaariku.ee\/en\/#organization"},"potentialAction":[{"@type":"SearchAction","target":{"@type":"EntryPoint","urlTemplate":"https:\/\/kaariku.ee\/en\/?s={search_term_string}"},"query-input":{"@type":"PropertyValueSpecification","valueRequired":true,"valueName":"search_term_string"}}],"inLanguage":"en-US"},{"@type":"Organization","@id":"https:\/\/kaariku.ee\/en\/#organization","name":"K\u00e4\u00e4riku Spordikeskus","url":"https:\/\/kaariku.ee\/en\/","logo":{"@type":"ImageObject","inLanguage":"en-US","@id":"https:\/\/kaariku.ee\/en\/#\/schema\/logo\/image\/","url":"https:\/\/kaariku.ee\/wp-content\/uploads\/2025\/09\/Kaariku-Spordikeskus-logo-2.gif","contentUrl":"https:\/\/kaariku.ee\/wp-content\/uploads\/2025\/09\/Kaariku-Spordikeskus-logo-2.gif","width":1094,"height":996,"caption":"K\u00e4\u00e4riku Spordikeskus"},"image":{"@id":"https:\/\/kaariku.ee\/en\/#\/schema\/logo\/image\/"},"sameAs":["https:\/\/www.facebook.com\/eestisporditreeningkeskus","https:\/\/www.instagram.com\/kaarikuspordikeskus\/"]}]}},"_links":{"self":[{"href":"https:\/\/kaariku.ee\/en\/wp-json\/wp\/v2\/pages\/1381","targetHints":{"allow":["GET"]}}],"collection":[{"href":"https:\/\/kaariku.ee\/en\/wp-json\/wp\/v2\/pages"}],"about":[{"href":"https:\/\/kaariku.ee\/en\/wp-json\/wp\/v2\/types\/page"}],"author":[{"embeddable":true,"href":"https:\/\/kaariku.ee\/en\/wp-json\/wp\/v2\/users\/2"}],"replies":[{"embeddable":true,"href":"https:\/\/kaariku.ee\/en\/wp-json\/wp\/v2\/comments?post=1381"}],"version-history":[{"count":4,"href":"https:\/\/kaariku.ee\/en\/wp-json\/wp\/v2\/pages\/1381\/revisions"}],"predecessor-version":[{"id":3824,"href":"https:\/\/kaariku.ee\/en\/wp-json\/wp\/v2\/pages\/1381\/revisions\/3824"}],"wp:attachment":[{"href":"https:\/\/kaariku.ee\/en\/wp-json\/wp\/v2\/media?parent=1381"}],"curies":[{"name":"wp","href":"https:\/\/api.w.org\/{rel}","templated":true}]}}