{"id":2322,"date":"2023-01-04T08:34:01","date_gmt":"2023-01-04T08:34:01","guid":{"rendered":"https:\/\/uus.kaariku.ee\/broneeri-majutus\/"},"modified":"2025-04-19T14:08:00","modified_gmt":"2025-04-19T14:08:00","slug":"broneeri-majutus","status":"publish","type":"page","link":"https:\/\/kaariku.ee\/en\/broneeri-majutus\/","title":{"rendered":"Book Accommodation"},"content":{"rendered":"\n<p><strong>Address: <\/strong>K\u00e4\u00e4riku k\u00fcla, Valgamaa, Otep\u00e4\u00e4 parish, 67301 K\u00e4\u00e4riku, Estonia<br><strong>Information and booking<\/strong>: (+372) 766 560<br><strong>E-mail<\/strong>: kaariku@tehvandi.ee<\/p>\n\n\n\n<div class=\"wp-block-media-text alignwide is-stacked-on-mobile\" style=\"grid-template-columns:30% auto\"><figure class=\"wp-block-media-text__media\"><img loading=\"lazy\" decoding=\"async\" width=\"1024\" height=\"682\" src=\"https:\/\/kaariku.ee\/wp-content\/uploads\/2022\/09\/Kaariku-hotell-ja-spordihoone-1024x682.jpg\" alt=\"\" class=\"wp-image-683 size-full\" srcset=\"https:\/\/kaariku.ee\/wp-content\/uploads\/2022\/09\/Kaariku-hotell-ja-spordihoone-1024x682.jpg 1024w, https:\/\/kaariku.ee\/wp-content\/uploads\/2022\/09\/Kaariku-hotell-ja-spordihoone-300x200.jpg 300w, https:\/\/kaariku.ee\/wp-content\/uploads\/2022\/09\/Kaariku-hotell-ja-spordihoone-768x512.jpg 768w, https:\/\/kaariku.ee\/wp-content\/uploads\/2022\/09\/Kaariku-hotell-ja-spordihoone-1536x1023.jpg 1536w, https:\/\/kaariku.ee\/wp-content\/uploads\/2022\/09\/Kaariku-hotell-ja-spordihoone-2048x1364.jpg 2048w, https:\/\/kaariku.ee\/wp-content\/uploads\/2022\/09\/Kaariku-hotell-ja-spordihoone-500x333.jpg 500w\" sizes=\"auto, (max-width: 1024px) 100vw, 1024px\" \/><\/figure><div class=\"wp-block-media-text__content\">\n<h2 class=\"wp-block-heading\">K\u00e4\u00e4riku Hotel<\/h2>\n\n\n\n<p>K\u00e4\u00e4riku Hotel offers comfortable accommodation in the heart of the nature of South Estonia, right in the heart of the sports centre. The ideal choice for training camps, team events and nature holidays &#8211; ski and hiking trails, saunas and gym are waiting for you!<\/p>\n\n\n<a href=\"https:\/\/booking.kaariku.ee\/en\/?type=hotel\" class=\"btn btn-primary\" type=\"button\" target=\"_blank\">Book Accommodation<\/a>\n<\/div><\/div>\n\n\n\n<div class=\"wp-block-media-text alignwide is-stacked-on-mobile\" style=\"grid-template-columns:30% auto\"><figure class=\"wp-block-media-text__media\"><img loading=\"lazy\" decoding=\"async\" width=\"1024\" height=\"682\" src=\"https:\/\/kaariku.ee\/wp-content\/uploads\/2022\/09\/sportland-1024x682.jpg\" alt=\"\" class=\"wp-image-299 size-full\" srcset=\"https:\/\/kaariku.ee\/wp-content\/uploads\/2022\/09\/sportland-1024x682.jpg 1024w, https:\/\/kaariku.ee\/wp-content\/uploads\/2022\/09\/sportland-300x200.jpg 300w, https:\/\/kaariku.ee\/wp-content\/uploads\/2022\/09\/sportland-768x512.jpg 768w, https:\/\/kaariku.ee\/wp-content\/uploads\/2022\/09\/sportland-1536x1023.jpg 1536w, https:\/\/kaariku.ee\/wp-content\/uploads\/2022\/09\/sportland-500x333.jpg 500w, https:\/\/kaariku.ee\/wp-content\/uploads\/2022\/09\/sportland.jpg 1726w\" sizes=\"auto, (max-width: 1024px) 100vw, 1024px\" \/><\/figure><div class=\"wp-block-media-text__content\">\n<h2 class=\"wp-block-heading\">K\u00e4\u00e4riku Team Cabin<\/h2>\n\n\n\n<p>K\u00e4\u00e4riku Team Houses are perfect for sports groups \u2013 featuring a shared kitchen, lounge, free Wi-Fi, and parking. Ideal for training camps and active team events.<\/p>\n\n\n<a href=\"https:\/\/booking.kaariku.ee\/en\/?type=teamcabin\" class=\"btn btn-primary\" type=\"button\" target=\"_blank\">Book Accommodation<\/a>\n<\/div><\/div>\n\n\n\n<div class=\"wp-block-media-text alignwide is-stacked-on-mobile\" style=\"grid-template-columns:30% auto\"><figure class=\"wp-block-media-text__media\"><img loading=\"lazy\" decoding=\"async\" width=\"1024\" height=\"684\" src=\"https:\/\/kaariku.ee\/wp-content\/uploads\/2022\/09\/DSC_1801-HDR-1024x684.jpg\" alt=\"\" class=\"wp-image-236 size-full\" srcset=\"https:\/\/kaariku.ee\/wp-content\/uploads\/2022\/09\/DSC_1801-HDR-1024x684.jpg 1024w, https:\/\/kaariku.ee\/wp-content\/uploads\/2022\/09\/DSC_1801-HDR-300x200.jpg 300w, https:\/\/kaariku.ee\/wp-content\/uploads\/2022\/09\/DSC_1801-HDR-768x513.jpg 768w, https:\/\/kaariku.ee\/wp-content\/uploads\/2022\/09\/DSC_1801-HDR-1536x1025.jpg 1536w, https:\/\/kaariku.ee\/wp-content\/uploads\/2022\/09\/DSC_1801-HDR-500x334.jpg 500w, https:\/\/kaariku.ee\/wp-content\/uploads\/2022\/09\/DSC_1801-HDR.jpg 2048w\" sizes=\"auto, (max-width: 1024px) 100vw, 1024px\" \/><\/figure><div class=\"wp-block-media-text__content\">\n<h2 class=\"wp-block-heading\">K\u00e4\u00e4riku Hostel<\/h2>\n\n\n\n<p>K\u00e4\u00e4riku Hostel has a shared lounge, terrace and free WiFi throughout the property..<\/p>\n\n\n<a href=\"https:\/\/booking.kaariku.ee\/en\/?type=hostel\" class=\"btn btn-primary\" type=\"button\" target=\"_blank\">Book Accommodation<\/a>\n<\/div><\/div>\n\n\n\n<div class=\"wp-block-media-text alignwide is-stacked-on-mobile\" style=\"grid-template-columns:30% auto\"><figure class=\"wp-block-media-text__media\"><img loading=\"lazy\" decoding=\"async\" width=\"1024\" height=\"533\" src=\"https:\/\/kaariku.ee\/wp-content\/uploads\/2022\/10\/fp_bg_majutus-1024x533.jpg\" alt=\"\" class=\"wp-image-700 size-full\" srcset=\"https:\/\/kaariku.ee\/wp-content\/uploads\/2022\/10\/fp_bg_majutus-1024x533.jpg 1024w, https:\/\/kaariku.ee\/wp-content\/uploads\/2022\/10\/fp_bg_majutus-300x156.jpg 300w, https:\/\/kaariku.ee\/wp-content\/uploads\/2022\/10\/fp_bg_majutus-768x400.jpg 768w, https:\/\/kaariku.ee\/wp-content\/uploads\/2022\/10\/fp_bg_majutus-1536x800.jpg 1536w, https:\/\/kaariku.ee\/wp-content\/uploads\/2022\/10\/fp_bg_majutus-500x260.jpg 500w, https:\/\/kaariku.ee\/wp-content\/uploads\/2022\/10\/fp_bg_majutus.jpg 1920w\" sizes=\"auto, (max-width: 1024px) 100vw, 1024px\" \/><\/figure><div class=\"wp-block-media-text__content\">\n<h2 class=\"wp-block-heading\">K\u00e4\u00e4riku \u00d6\u00d6D H\u00d6TELS<\/h2>\n\n\n\n<p>Free private parking, the apartment is in an area where guests can engage in activities such as hiking and fishing.<\/p>\n\n\n<a href=\"https:\/\/booking.kaariku.ee\/en\/?type=ood\" class=\"btn btn-primary\" type=\"button\" target=\"_blank\">Book Accommodation<\/a>\n<\/div><\/div>\n","protected":false},"excerpt":{"rendered":"<p>Address: K\u00e4\u00e4riku k\u00fcla, Valgamaa, Otep\u00e4\u00e4 parish, 67301 K\u00e4\u00e4riku, EstoniaInformation and booking: (+372) &#8230;<\/p>\n","protected":false},"author":2,"featured_media":1295,"parent":0,"menu_order":0,"comment_status":"closed","ping_status":"closed","template":"","meta":{"_acf_changed":false,"footnotes":""},"class_list":["post-2322","page","type-page","status-publish","has-post-thumbnail","hentry"],"acf":[],"yoast_head":"<!-- This site is optimized with the Yoast SEO plugin v27.4 - https:\/\/yoast.com\/product\/yoast-seo-wordpress\/ -->\n<title>Book Accommodation - K\u00e4\u00e4riku Spordikeskus<\/title>\n<meta name=\"robots\" content=\"index, follow, max-snippet:-1, max-image-preview:large, max-video-preview:-1\" \/>\n<link rel=\"canonical\" href=\"https:\/\/kaariku.ee\/en\/broneeri-majutus\/\" \/>\n<meta property=\"og:locale\" content=\"en_US\" \/>\n<meta property=\"og:type\" content=\"article\" \/>\n<meta property=\"og:title\" content=\"Book Accommodation - K\u00e4\u00e4riku Spordikeskus\" \/>\n<meta property=\"og:description\" content=\"Address: K\u00e4\u00e4riku k\u00fcla, Valgamaa, Otep\u00e4\u00e4 parish, 67301 K\u00e4\u00e4riku, EstoniaInformation and booking: (+372) ...\" \/>\n<meta property=\"og:url\" content=\"https:\/\/kaariku.ee\/en\/broneeri-majutus\/\" \/>\n<meta property=\"og:site_name\" content=\"K\u00e4\u00e4riku Spordikeskus\" \/>\n<meta property=\"article:publisher\" content=\"https:\/\/www.facebook.com\/eestisporditreeningkeskus\" \/>\n<meta property=\"article:modified_time\" content=\"2025-04-19T14:08:00+00:00\" \/>\n<meta property=\"og:image\" content=\"https:\/\/kaariku.ee\/wp-content\/uploads\/2022\/09\/tuba-kahele-kaariku-hotell3.jpg\" \/>\n\t<meta property=\"og:image:width\" content=\"2048\" \/>\n\t<meta property=\"og:image:height\" content=\"1365\" \/>\n\t<meta property=\"og:image:type\" content=\"image\/jpeg\" \/>\n<meta name=\"twitter:card\" content=\"summary_large_image\" \/>\n<meta name=\"twitter:label1\" content=\"Est. reading time\" \/>\n\t<meta name=\"twitter:data1\" content=\"1 minute\" \/>\n<script type=\"application\/ld+json\" class=\"yoast-schema-graph\">{\"@context\":\"https:\\\/\\\/schema.org\",\"@graph\":[{\"@type\":\"WebPage\",\"@id\":\"https:\\\/\\\/kaariku.ee\\\/en\\\/broneeri-majutus\\\/\",\"url\":\"https:\\\/\\\/kaariku.ee\\\/en\\\/broneeri-majutus\\\/\",\"name\":\"Book Accommodation - K\u00e4\u00e4riku Spordikeskus\",\"isPartOf\":{\"@id\":\"https:\\\/\\\/kaariku.ee\\\/en\\\/#website\"},\"primaryImageOfPage\":{\"@id\":\"https:\\\/\\\/kaariku.ee\\\/en\\\/broneeri-majutus\\\/#primaryimage\"},\"image\":{\"@id\":\"https:\\\/\\\/kaariku.ee\\\/en\\\/broneeri-majutus\\\/#primaryimage\"},\"thumbnailUrl\":\"https:\\\/\\\/kaariku.ee\\\/wp-content\\\/uploads\\\/2022\\\/09\\\/tuba-kahele-kaariku-hotell3.jpg\",\"datePublished\":\"2023-01-04T08:34:01+00:00\",\"dateModified\":\"2025-04-19T14:08:00+00:00\",\"breadcrumb\":{\"@id\":\"https:\\\/\\\/kaariku.ee\\\/en\\\/broneeri-majutus\\\/#breadcrumb\"},\"inLanguage\":\"en-US\",\"potentialAction\":[{\"@type\":\"ReadAction\",\"target\":[\"https:\\\/\\\/kaariku.ee\\\/en\\\/broneeri-majutus\\\/\"]}]},{\"@type\":\"ImageObject\",\"inLanguage\":\"en-US\",\"@id\":\"https:\\\/\\\/kaariku.ee\\\/en\\\/broneeri-majutus\\\/#primaryimage\",\"url\":\"https:\\\/\\\/kaariku.ee\\\/wp-content\\\/uploads\\\/2022\\\/09\\\/tuba-kahele-kaariku-hotell3.jpg\",\"contentUrl\":\"https:\\\/\\\/kaariku.ee\\\/wp-content\\\/uploads\\\/2022\\\/09\\\/tuba-kahele-kaariku-hotell3.jpg\",\"width\":2048,\"height\":1365,\"caption\":\"K\u00e4\u00e4riku hotel twin room\"},{\"@type\":\"BreadcrumbList\",\"@id\":\"https:\\\/\\\/kaariku.ee\\\/en\\\/broneeri-majutus\\\/#breadcrumb\",\"itemListElement\":[{\"@type\":\"ListItem\",\"position\":1,\"name\":\"Home\",\"item\":\"https:\\\/\\\/kaariku.ee\\\/en\\\/\"},{\"@type\":\"ListItem\",\"position\":2,\"name\":\"Book Accommodation\"}]},{\"@type\":\"WebSite\",\"@id\":\"https:\\\/\\\/kaariku.ee\\\/en\\\/#website\",\"url\":\"https:\\\/\\\/kaariku.ee\\\/en\\\/\",\"name\":\"K\u00e4\u00e4riku Spordikeskus\",\"description\":\"Eesti Spordi Treeningkeskus aastast 1947\",\"publisher\":{\"@id\":\"https:\\\/\\\/kaariku.ee\\\/en\\\/#organization\"},\"potentialAction\":[{\"@type\":\"SearchAction\",\"target\":{\"@type\":\"EntryPoint\",\"urlTemplate\":\"https:\\\/\\\/kaariku.ee\\\/en\\\/?s={search_term_string}\"},\"query-input\":{\"@type\":\"PropertyValueSpecification\",\"valueRequired\":true,\"valueName\":\"search_term_string\"}}],\"inLanguage\":\"en-US\"},{\"@type\":\"Organization\",\"@id\":\"https:\\\/\\\/kaariku.ee\\\/en\\\/#organization\",\"name\":\"K\u00e4\u00e4riku Spordikeskus\",\"url\":\"https:\\\/\\\/kaariku.ee\\\/en\\\/\",\"logo\":{\"@type\":\"ImageObject\",\"inLanguage\":\"en-US\",\"@id\":\"https:\\\/\\\/kaariku.ee\\\/en\\\/#\\\/schema\\\/logo\\\/image\\\/\",\"url\":\"https:\\\/\\\/kaariku.ee\\\/wp-content\\\/uploads\\\/2025\\\/09\\\/Kaariku-Spordikeskus-logo-2.gif\",\"contentUrl\":\"https:\\\/\\\/kaariku.ee\\\/wp-content\\\/uploads\\\/2025\\\/09\\\/Kaariku-Spordikeskus-logo-2.gif\",\"width\":1094,\"height\":996,\"caption\":\"K\u00e4\u00e4riku Spordikeskus\"},\"image\":{\"@id\":\"https:\\\/\\\/kaariku.ee\\\/en\\\/#\\\/schema\\\/logo\\\/image\\\/\"},\"sameAs\":[\"https:\\\/\\\/www.facebook.com\\\/eestisporditreeningkeskus\",\"https:\\\/\\\/www.instagram.com\\\/kaarikuspordikeskus\\\/\"]}]}<\/script>\n<!-- \/ Yoast SEO plugin. -->","yoast_head_json":{"title":"Book Accommodation - K\u00e4\u00e4riku Spordikeskus","robots":{"index":"index","follow":"follow","max-snippet":"max-snippet:-1","max-image-preview":"max-image-preview:large","max-video-preview":"max-video-preview:-1"},"canonical":"https:\/\/kaariku.ee\/en\/broneeri-majutus\/","og_locale":"en_US","og_type":"article","og_title":"Book Accommodation - K\u00e4\u00e4riku Spordikeskus","og_description":"Address: K\u00e4\u00e4riku k\u00fcla, Valgamaa, Otep\u00e4\u00e4 parish, 67301 K\u00e4\u00e4riku, EstoniaInformation and booking: (+372) ...","og_url":"https:\/\/kaariku.ee\/en\/broneeri-majutus\/","og_site_name":"K\u00e4\u00e4riku Spordikeskus","article_publisher":"https:\/\/www.facebook.com\/eestisporditreeningkeskus","article_modified_time":"2025-04-19T14:08:00+00:00","og_image":[{"width":2048,"height":1365,"url":"https:\/\/kaariku.ee\/wp-content\/uploads\/2022\/09\/tuba-kahele-kaariku-hotell3.jpg","type":"image\/jpeg"}],"twitter_card":"summary_large_image","twitter_misc":{"Est. reading time":"1 minute"},"schema":{"@context":"https:\/\/schema.org","@graph":[{"@type":"WebPage","@id":"https:\/\/kaariku.ee\/en\/broneeri-majutus\/","url":"https:\/\/kaariku.ee\/en\/broneeri-majutus\/","name":"Book Accommodation - K\u00e4\u00e4riku Spordikeskus","isPartOf":{"@id":"https:\/\/kaariku.ee\/en\/#website"},"primaryImageOfPage":{"@id":"https:\/\/kaariku.ee\/en\/broneeri-majutus\/#primaryimage"},"image":{"@id":"https:\/\/kaariku.ee\/en\/broneeri-majutus\/#primaryimage"},"thumbnailUrl":"https:\/\/kaariku.ee\/wp-content\/uploads\/2022\/09\/tuba-kahele-kaariku-hotell3.jpg","datePublished":"2023-01-04T08:34:01+00:00","dateModified":"2025-04-19T14:08:00+00:00","breadcrumb":{"@id":"https:\/\/kaariku.ee\/en\/broneeri-majutus\/#breadcrumb"},"inLanguage":"en-US","potentialAction":[{"@type":"ReadAction","target":["https:\/\/kaariku.ee\/en\/broneeri-majutus\/"]}]},{"@type":"ImageObject","inLanguage":"en-US","@id":"https:\/\/kaariku.ee\/en\/broneeri-majutus\/#primaryimage","url":"https:\/\/kaariku.ee\/wp-content\/uploads\/2022\/09\/tuba-kahele-kaariku-hotell3.jpg","contentUrl":"https:\/\/kaariku.ee\/wp-content\/uploads\/2022\/09\/tuba-kahele-kaariku-hotell3.jpg","width":2048,"height":1365,"caption":"K\u00e4\u00e4riku hotel twin room"},{"@type":"BreadcrumbList","@id":"https:\/\/kaariku.ee\/en\/broneeri-majutus\/#breadcrumb","itemListElement":[{"@type":"ListItem","position":1,"name":"Home","item":"https:\/\/kaariku.ee\/en\/"},{"@type":"ListItem","position":2,"name":"Book Accommodation"}]},{"@type":"WebSite","@id":"https:\/\/kaariku.ee\/en\/#website","url":"https:\/\/kaariku.ee\/en\/","name":"K\u00e4\u00e4riku Spordikeskus","description":"Eesti Spordi Treeningkeskus aastast 1947","publisher":{"@id":"https:\/\/kaariku.ee\/en\/#organization"},"potentialAction":[{"@type":"SearchAction","target":{"@type":"EntryPoint","urlTemplate":"https:\/\/kaariku.ee\/en\/?s={search_term_string}"},"query-input":{"@type":"PropertyValueSpecification","valueRequired":true,"valueName":"search_term_string"}}],"inLanguage":"en-US"},{"@type":"Organization","@id":"https:\/\/kaariku.ee\/en\/#organization","name":"K\u00e4\u00e4riku Spordikeskus","url":"https:\/\/kaariku.ee\/en\/","logo":{"@type":"ImageObject","inLanguage":"en-US","@id":"https:\/\/kaariku.ee\/en\/#\/schema\/logo\/image\/","url":"https:\/\/kaariku.ee\/wp-content\/uploads\/2025\/09\/Kaariku-Spordikeskus-logo-2.gif","contentUrl":"https:\/\/kaariku.ee\/wp-content\/uploads\/2025\/09\/Kaariku-Spordikeskus-logo-2.gif","width":1094,"height":996,"caption":"K\u00e4\u00e4riku Spordikeskus"},"image":{"@id":"https:\/\/kaariku.ee\/en\/#\/schema\/logo\/image\/"},"sameAs":["https:\/\/www.facebook.com\/eestisporditreeningkeskus","https:\/\/www.instagram.com\/kaarikuspordikeskus\/"]}]}},"_links":{"self":[{"href":"https:\/\/kaariku.ee\/en\/wp-json\/wp\/v2\/pages\/2322","targetHints":{"allow":["GET"]}}],"collection":[{"href":"https:\/\/kaariku.ee\/en\/wp-json\/wp\/v2\/pages"}],"about":[{"href":"https:\/\/kaariku.ee\/en\/wp-json\/wp\/v2\/types\/page"}],"author":[{"embeddable":true,"href":"https:\/\/kaariku.ee\/en\/wp-json\/wp\/v2\/users\/2"}],"replies":[{"embeddable":true,"href":"https:\/\/kaariku.ee\/en\/wp-json\/wp\/v2\/comments?post=2322"}],"version-history":[{"count":21,"href":"https:\/\/kaariku.ee\/en\/wp-json\/wp\/v2\/pages\/2322\/revisions"}],"predecessor-version":[{"id":3670,"href":"https:\/\/kaariku.ee\/en\/wp-json\/wp\/v2\/pages\/2322\/revisions\/3670"}],"wp:featuredmedia":[{"embeddable":true,"href":"https:\/\/kaariku.ee\/en\/wp-json\/wp\/v2\/media\/1295"}],"wp:attachment":[{"href":"https:\/\/kaariku.ee\/en\/wp-json\/wp\/v2\/media?parent=2322"}],"curies":[{"name":"wp","href":"https:\/\/api.w.org\/{rel}","templated":true}]}}