{"id":2878,"date":"2023-01-04T08:34:01","date_gmt":"2023-01-04T08:34:01","guid":{"rendered":"https:\/\/kaariku.ee\/rezervejiet-naktsmitni\/"},"modified":"2025-10-22T10:56:29","modified_gmt":"2025-10-22T10:56:29","slug":"rezervejiet-naktsmitni","status":"publish","type":"page","link":"https:\/\/kaariku.ee\/lv\/rezervejiet-naktsmitni\/","title":{"rendered":"Rezerv\u0113jiet naktsm\u012btni"},"content":{"rendered":"\n<p><strong>Adrese: <\/strong>K\u00e4\u00e4riku k\u00fcla, Valgamaa, Otep\u00e4\u00e4 pagasts, 67301 K\u00e4\u00e4riku, Igaunija\n<strong>Info un rezerv\u0101cija<\/strong>: (+372) 766 560\n<strong>E-pasts<\/strong>: kaariku@tehvandi.ee<\/p>\n\n\n\n<div class=\"wp-block-media-text alignwide is-stacked-on-mobile\" style=\"grid-template-columns:30% auto\"><figure class=\"wp-block-media-text__media\"><img loading=\"lazy\" decoding=\"async\" width=\"1024\" height=\"682\" src=\"https:\/\/kaariku.ee\/wp-content\/uploads\/2022\/09\/Kaariku-hotell-ja-spordihoone-1024x682.jpg\" alt=\"\" class=\"wp-image-683 size-full\" srcset=\"https:\/\/kaariku.ee\/wp-content\/uploads\/2022\/09\/Kaariku-hotell-ja-spordihoone-1024x682.jpg 1024w, https:\/\/kaariku.ee\/wp-content\/uploads\/2022\/09\/Kaariku-hotell-ja-spordihoone-300x200.jpg 300w, https:\/\/kaariku.ee\/wp-content\/uploads\/2022\/09\/Kaariku-hotell-ja-spordihoone-768x512.jpg 768w, https:\/\/kaariku.ee\/wp-content\/uploads\/2022\/09\/Kaariku-hotell-ja-spordihoone-1536x1023.jpg 1536w, https:\/\/kaariku.ee\/wp-content\/uploads\/2022\/09\/Kaariku-hotell-ja-spordihoone-2048x1364.jpg 2048w, https:\/\/kaariku.ee\/wp-content\/uploads\/2022\/09\/Kaariku-hotell-ja-spordihoone-500x333.jpg 500w\" sizes=\"auto, (max-width: 1024px) 100vw, 1024px\" \/><\/figure><div class=\"wp-block-media-text__content\">\n<h2 class=\"wp-block-heading\">K\u00e4\u00e4riku viesn\u012bca<\/h2>\n\n\n\n<p>Pied\u0101v\u0101jam grilu un \u0113rtu sl\u0113po\u0161anu uzreiz izejot pa durv\u012bm. K\u00e4\u00e4riku viesn\u012bca atrodas K\u00e4\u00e4riku. Uz vietas b\u016bs pieejams uzkodu b\u0101rs.<\/p>\n\n\n<a href=\"https:\/\/booking.kaariku.ee\/lv\/?type=hotel\" class=\"btn btn-primary\" type=\"button\" target=\"_blank\">Rezerv\u0113jiet naktsm\u012btni<\/a>\n<\/div><\/div>\n\n\n\n<div class=\"wp-block-media-text alignwide is-stacked-on-mobile\" style=\"grid-template-columns:30% auto\"><figure class=\"wp-block-media-text__media\"><img loading=\"lazy\" decoding=\"async\" width=\"1024\" height=\"682\" src=\"https:\/\/kaariku.ee\/wp-content\/uploads\/2022\/09\/sportland-1024x682.jpg\" alt=\"\" class=\"wp-image-299 size-full\" srcset=\"https:\/\/kaariku.ee\/wp-content\/uploads\/2022\/09\/sportland-1024x682.jpg 1024w, https:\/\/kaariku.ee\/wp-content\/uploads\/2022\/09\/sportland-300x200.jpg 300w, https:\/\/kaariku.ee\/wp-content\/uploads\/2022\/09\/sportland-768x512.jpg 768w, https:\/\/kaariku.ee\/wp-content\/uploads\/2022\/09\/sportland-1536x1023.jpg 1536w, https:\/\/kaariku.ee\/wp-content\/uploads\/2022\/09\/sportland-500x333.jpg 500w, https:\/\/kaariku.ee\/wp-content\/uploads\/2022\/09\/sportland.jpg 1726w\" sizes=\"auto, (max-width: 1024px) 100vw, 1024px\" \/><\/figure><div class=\"wp-block-media-text__content\">\n<h2 class=\"wp-block-heading\">K\u00e4\u00e4riku komandas naktsm\u012btne<\/h2>\n\n\n\n<p>Viesiem b\u016bs pieejama koplieto\u0161anas atp\u016btas zona, terase un restor\u0101ns. K\u00e4\u00e4riku komandas naktsm\u012btne nodro\u0161ina nak\u0161\u0146o\u0161anu Otep\u00e4\u00e4 ar bezmaksas WiFi un skatu uz ezeru. Bezmaksas priv\u0101t\u0101 autost\u0101vvieta un koplieto\u0161anas virtuve.<\/p>\n\n\n<a href=\"https:\/\/booking.kaariku.ee\/lv\/?type=teamcabin\" class=\"btn btn-primary\" type=\"button\" target=\"_blank\">Rezerv\u0113jiet naktsm\u012btni<\/a>\n<\/div><\/div>\n\n\n\n<div class=\"wp-block-media-text alignwide is-stacked-on-mobile\" style=\"grid-template-columns:30% auto\"><figure class=\"wp-block-media-text__media\"><img loading=\"lazy\" decoding=\"async\" width=\"1024\" height=\"684\" src=\"https:\/\/kaariku.ee\/wp-content\/uploads\/2022\/09\/DSC_1801-HDR-1024x684.jpg\" alt=\"\" class=\"wp-image-236 size-full\" srcset=\"https:\/\/kaariku.ee\/wp-content\/uploads\/2022\/09\/DSC_1801-HDR-1024x684.jpg 1024w, https:\/\/kaariku.ee\/wp-content\/uploads\/2022\/09\/DSC_1801-HDR-300x200.jpg 300w, https:\/\/kaariku.ee\/wp-content\/uploads\/2022\/09\/DSC_1801-HDR-768x513.jpg 768w, https:\/\/kaariku.ee\/wp-content\/uploads\/2022\/09\/DSC_1801-HDR-1536x1025.jpg 1536w, https:\/\/kaariku.ee\/wp-content\/uploads\/2022\/09\/DSC_1801-HDR-500x334.jpg 500w, https:\/\/kaariku.ee\/wp-content\/uploads\/2022\/09\/DSC_1801-HDR.jpg 2048w\" sizes=\"auto, (max-width: 1024px) 100vw, 1024px\" \/><\/figure><div class=\"wp-block-media-text__content\">\n<h2 class=\"wp-block-heading\">K\u00e4\u00e4riku Hostelis<\/h2>\n\n\n\n<p>K\u00e4\u00e4riku Hoste\u013ca viesiem b\u016bs pieejama koplieto\u0161anas atp\u016btas zona, terase un bezmaksas WiFi vis\u0101 naktsm\u012btn\u0113..<\/p>\n\n\n<a href=\"https:\/\/booking.kaariku.ee\/lv\/?type=hostel\" class=\"btn btn-primary\" type=\"button\" target=\"_blank\">Rezerv\u0113jiet naktsm\u012btni<\/a>\n<\/div><\/div>\n\n\n\n<div class=\"wp-block-media-text alignwide is-stacked-on-mobile\" style=\"grid-template-columns:30% auto\"><figure class=\"wp-block-media-text__media\"><img loading=\"lazy\" decoding=\"async\" width=\"1024\" height=\"533\" src=\"https:\/\/kaariku.ee\/wp-content\/uploads\/2022\/10\/fp_bg_majutus-1024x533.jpg\" alt=\"\" class=\"wp-image-700 size-full\" srcset=\"https:\/\/kaariku.ee\/wp-content\/uploads\/2022\/10\/fp_bg_majutus-1024x533.jpg 1024w, https:\/\/kaariku.ee\/wp-content\/uploads\/2022\/10\/fp_bg_majutus-300x156.jpg 300w, https:\/\/kaariku.ee\/wp-content\/uploads\/2022\/10\/fp_bg_majutus-768x400.jpg 768w, https:\/\/kaariku.ee\/wp-content\/uploads\/2022\/10\/fp_bg_majutus-1536x800.jpg 1536w, https:\/\/kaariku.ee\/wp-content\/uploads\/2022\/10\/fp_bg_majutus-500x260.jpg 500w, https:\/\/kaariku.ee\/wp-content\/uploads\/2022\/10\/fp_bg_majutus.jpg 1920w\" sizes=\"auto, (max-width: 1024px) 100vw, 1024px\" \/><\/figure><div class=\"wp-block-media-text__content\">\n<h2 class=\"wp-block-heading\">K\u00e4\u00e4riku \u00d6\u00d6D H\u00d6TELS<\/h2>\n\n\n\n<p>Bezmaksas priv\u0101t\u0101 autost\u0101vvieta. Apartamenti atrodas zon\u0101, kur viesi var\u0113s gan doties p\u0101rg\u0101jienos, gan mak\u0161\u0137er\u0113t.<\/p>\n\n\n<a href=\"https:\/\/booking.kaariku.ee\/lv\/?type=ood\" class=\"btn btn-primary\" type=\"button\" target=\"_blank\">Rezerv\u0113jiet naktsm\u012btni<\/a>\n<\/div><\/div>\n","protected":false},"excerpt":{"rendered":"<p>Adrese: K\u00e4\u00e4riku k\u00fcla, Valgamaa, Otep\u00e4\u00e4 pagasts, 67301 K\u00e4\u00e4riku, Igaunija Info un rezerv\u0101cija: &#8230;<\/p>\n","protected":false},"author":2,"featured_media":2793,"parent":0,"menu_order":0,"comment_status":"closed","ping_status":"closed","template":"","meta":{"_acf_changed":false,"footnotes":""},"class_list":["post-2878","page","type-page","status-publish","has-post-thumbnail","hentry"],"acf":[],"yoast_head":"<!-- This site is optimized with the Yoast SEO plugin v27.4 - https:\/\/yoast.com\/product\/yoast-seo-wordpress\/ -->\n<title>Rezerv\u0113jiet naktsm\u012btni - K\u00e4\u00e4riku Spordikeskus<\/title>\n<meta name=\"description\" content=\"\u0112rta un m\u0101j\u012bga nak\u0161\u0146o\u0161ana pa\u0161\u0101 dabas sird\u012b! Viesn\u012bca, hostelis un kempings ar piek\u013cuvi sporta z\u0101lei, pirtij un \u0113din\u0101\u0161anai. Ide\u0101li sporta grup\u0101m un \u0123imen\u0113m.\" \/>\n<meta name=\"robots\" content=\"index, follow, max-snippet:-1, max-image-preview:large, max-video-preview:-1\" \/>\n<link rel=\"canonical\" href=\"https:\/\/kaariku.ee\/lv\/rezervejiet-naktsmitni\/\" \/>\n<meta property=\"og:locale\" content=\"lv_LV\" \/>\n<meta property=\"og:type\" content=\"article\" \/>\n<meta property=\"og:title\" content=\"Rezerv\u0113jiet naktsm\u012btni - K\u00e4\u00e4riku Spordikeskus\" \/>\n<meta property=\"og:description\" content=\"\u0112rta un m\u0101j\u012bga nak\u0161\u0146o\u0161ana pa\u0161\u0101 dabas sird\u012b! Viesn\u012bca, hostelis un kempings ar piek\u013cuvi sporta z\u0101lei, pirtij un \u0113din\u0101\u0161anai. Ide\u0101li sporta grup\u0101m un \u0123imen\u0113m.\" \/>\n<meta property=\"og:url\" content=\"https:\/\/kaariku.ee\/lv\/rezervejiet-naktsmitni\/\" \/>\n<meta property=\"og:site_name\" content=\"K\u00e4\u00e4riku Spordikeskus\" \/>\n<meta property=\"article:publisher\" content=\"https:\/\/www.facebook.com\/eestisporditreeningkeskus\" \/>\n<meta property=\"article:modified_time\" content=\"2025-10-22T10:56:29+00:00\" \/>\n<meta property=\"og:image\" content=\"https:\/\/kaariku.ee\/wp-content\/uploads\/2022\/09\/tuba-kahele-kaariku-hotell3.jpg\" \/>\n\t<meta property=\"og:image:width\" content=\"2048\" \/>\n\t<meta property=\"og:image:height\" content=\"1365\" \/>\n\t<meta property=\"og:image:type\" content=\"image\/jpeg\" \/>\n<meta name=\"twitter:card\" content=\"summary_large_image\" \/>\n<meta name=\"twitter:label1\" content=\"Est. reading time\" \/>\n\t<meta name=\"twitter:data1\" content=\"2 minutes\" \/>\n<script type=\"application\/ld+json\" class=\"yoast-schema-graph\">{\"@context\":\"https:\\\/\\\/schema.org\",\"@graph\":[{\"@type\":\"WebPage\",\"@id\":\"https:\\\/\\\/kaariku.ee\\\/lv\\\/rezervejiet-naktsmitni\\\/\",\"url\":\"https:\\\/\\\/kaariku.ee\\\/lv\\\/rezervejiet-naktsmitni\\\/\",\"name\":\"Rezerv\u0113jiet naktsm\u012btni - K\u00e4\u00e4riku Spordikeskus\",\"isPartOf\":{\"@id\":\"https:\\\/\\\/kaariku.ee\\\/lv\\\/#website\"},\"primaryImageOfPage\":{\"@id\":\"https:\\\/\\\/kaariku.ee\\\/lv\\\/rezervejiet-naktsmitni\\\/#primaryimage\"},\"image\":{\"@id\":\"https:\\\/\\\/kaariku.ee\\\/lv\\\/rezervejiet-naktsmitni\\\/#primaryimage\"},\"thumbnailUrl\":\"https:\\\/\\\/kaariku.ee\\\/wp-content\\\/uploads\\\/2022\\\/09\\\/tuba-kahele-kaariku-hotell3.jpg\",\"datePublished\":\"2023-01-04T08:34:01+00:00\",\"dateModified\":\"2025-10-22T10:56:29+00:00\",\"description\":\"\u0112rta un m\u0101j\u012bga nak\u0161\u0146o\u0161ana pa\u0161\u0101 dabas sird\u012b! Viesn\u012bca, hostelis un kempings ar piek\u013cuvi sporta z\u0101lei, pirtij un \u0113din\u0101\u0161anai. Ide\u0101li sporta grup\u0101m un \u0123imen\u0113m.\",\"breadcrumb\":{\"@id\":\"https:\\\/\\\/kaariku.ee\\\/lv\\\/rezervejiet-naktsmitni\\\/#breadcrumb\"},\"inLanguage\":\"lv-LV\",\"potentialAction\":[{\"@type\":\"ReadAction\",\"target\":[\"https:\\\/\\\/kaariku.ee\\\/lv\\\/rezervejiet-naktsmitni\\\/\"]}]},{\"@type\":\"ImageObject\",\"inLanguage\":\"lv-LV\",\"@id\":\"https:\\\/\\\/kaariku.ee\\\/lv\\\/rezervejiet-naktsmitni\\\/#primaryimage\",\"url\":\"https:\\\/\\\/kaariku.ee\\\/wp-content\\\/uploads\\\/2022\\\/09\\\/tuba-kahele-kaariku-hotell3.jpg\",\"contentUrl\":\"https:\\\/\\\/kaariku.ee\\\/wp-content\\\/uploads\\\/2022\\\/09\\\/tuba-kahele-kaariku-hotell3.jpg\",\"width\":2048,\"height\":1365,\"caption\":\"K\u00e4\u00e4riku hotel twin room\"},{\"@type\":\"BreadcrumbList\",\"@id\":\"https:\\\/\\\/kaariku.ee\\\/lv\\\/rezervejiet-naktsmitni\\\/#breadcrumb\",\"itemListElement\":[{\"@type\":\"ListItem\",\"position\":1,\"name\":\"Home\",\"item\":\"https:\\\/\\\/kaariku.ee\\\/lv\\\/\"},{\"@type\":\"ListItem\",\"position\":2,\"name\":\"Rezerv\u0113jiet naktsm\u012btni\"}]},{\"@type\":\"WebSite\",\"@id\":\"https:\\\/\\\/kaariku.ee\\\/lv\\\/#website\",\"url\":\"https:\\\/\\\/kaariku.ee\\\/lv\\\/\",\"name\":\"K\u00e4\u00e4riku Spordikeskus\",\"description\":\"Eesti Spordi Treeningkeskus aastast 1947\",\"publisher\":{\"@id\":\"https:\\\/\\\/kaariku.ee\\\/lv\\\/#organization\"},\"potentialAction\":[{\"@type\":\"SearchAction\",\"target\":{\"@type\":\"EntryPoint\",\"urlTemplate\":\"https:\\\/\\\/kaariku.ee\\\/lv\\\/?s={search_term_string}\"},\"query-input\":{\"@type\":\"PropertyValueSpecification\",\"valueRequired\":true,\"valueName\":\"search_term_string\"}}],\"inLanguage\":\"lv-LV\"},{\"@type\":\"Organization\",\"@id\":\"https:\\\/\\\/kaariku.ee\\\/lv\\\/#organization\",\"name\":\"K\u00e4\u00e4riku Spordikeskus\",\"url\":\"https:\\\/\\\/kaariku.ee\\\/lv\\\/\",\"logo\":{\"@type\":\"ImageObject\",\"inLanguage\":\"lv-LV\",\"@id\":\"https:\\\/\\\/kaariku.ee\\\/lv\\\/#\\\/schema\\\/logo\\\/image\\\/\",\"url\":\"https:\\\/\\\/kaariku.ee\\\/wp-content\\\/uploads\\\/2025\\\/09\\\/Kaariku-Spordikeskus-logo-2.gif\",\"contentUrl\":\"https:\\\/\\\/kaariku.ee\\\/wp-content\\\/uploads\\\/2025\\\/09\\\/Kaariku-Spordikeskus-logo-2.gif\",\"width\":1094,\"height\":996,\"caption\":\"K\u00e4\u00e4riku Spordikeskus\"},\"image\":{\"@id\":\"https:\\\/\\\/kaariku.ee\\\/lv\\\/#\\\/schema\\\/logo\\\/image\\\/\"},\"sameAs\":[\"https:\\\/\\\/www.facebook.com\\\/eestisporditreeningkeskus\",\"https:\\\/\\\/www.instagram.com\\\/kaarikuspordikeskus\\\/\"]}]}<\/script>\n<!-- \/ Yoast SEO plugin. -->","yoast_head_json":{"title":"Rezerv\u0113jiet naktsm\u012btni - K\u00e4\u00e4riku Spordikeskus","description":"\u0112rta un m\u0101j\u012bga nak\u0161\u0146o\u0161ana pa\u0161\u0101 dabas sird\u012b! Viesn\u012bca, hostelis un kempings ar piek\u013cuvi sporta z\u0101lei, pirtij un \u0113din\u0101\u0161anai. Ide\u0101li sporta grup\u0101m un \u0123imen\u0113m.","robots":{"index":"index","follow":"follow","max-snippet":"max-snippet:-1","max-image-preview":"max-image-preview:large","max-video-preview":"max-video-preview:-1"},"canonical":"https:\/\/kaariku.ee\/lv\/rezervejiet-naktsmitni\/","og_locale":"lv_LV","og_type":"article","og_title":"Rezerv\u0113jiet naktsm\u012btni - K\u00e4\u00e4riku Spordikeskus","og_description":"\u0112rta un m\u0101j\u012bga nak\u0161\u0146o\u0161ana pa\u0161\u0101 dabas sird\u012b! Viesn\u012bca, hostelis un kempings ar piek\u013cuvi sporta z\u0101lei, pirtij un \u0113din\u0101\u0161anai. Ide\u0101li sporta grup\u0101m un \u0123imen\u0113m.","og_url":"https:\/\/kaariku.ee\/lv\/rezervejiet-naktsmitni\/","og_site_name":"K\u00e4\u00e4riku Spordikeskus","article_publisher":"https:\/\/www.facebook.com\/eestisporditreeningkeskus","article_modified_time":"2025-10-22T10:56:29+00:00","og_image":[{"width":2048,"height":1365,"url":"https:\/\/kaariku.ee\/wp-content\/uploads\/2022\/09\/tuba-kahele-kaariku-hotell3.jpg","type":"image\/jpeg"}],"twitter_card":"summary_large_image","twitter_misc":{"Est. reading time":"2 minutes"},"schema":{"@context":"https:\/\/schema.org","@graph":[{"@type":"WebPage","@id":"https:\/\/kaariku.ee\/lv\/rezervejiet-naktsmitni\/","url":"https:\/\/kaariku.ee\/lv\/rezervejiet-naktsmitni\/","name":"Rezerv\u0113jiet naktsm\u012btni - K\u00e4\u00e4riku Spordikeskus","isPartOf":{"@id":"https:\/\/kaariku.ee\/lv\/#website"},"primaryImageOfPage":{"@id":"https:\/\/kaariku.ee\/lv\/rezervejiet-naktsmitni\/#primaryimage"},"image":{"@id":"https:\/\/kaariku.ee\/lv\/rezervejiet-naktsmitni\/#primaryimage"},"thumbnailUrl":"https:\/\/kaariku.ee\/wp-content\/uploads\/2022\/09\/tuba-kahele-kaariku-hotell3.jpg","datePublished":"2023-01-04T08:34:01+00:00","dateModified":"2025-10-22T10:56:29+00:00","description":"\u0112rta un m\u0101j\u012bga nak\u0161\u0146o\u0161ana pa\u0161\u0101 dabas sird\u012b! Viesn\u012bca, hostelis un kempings ar piek\u013cuvi sporta z\u0101lei, pirtij un \u0113din\u0101\u0161anai. Ide\u0101li sporta grup\u0101m un \u0123imen\u0113m.","breadcrumb":{"@id":"https:\/\/kaariku.ee\/lv\/rezervejiet-naktsmitni\/#breadcrumb"},"inLanguage":"lv-LV","potentialAction":[{"@type":"ReadAction","target":["https:\/\/kaariku.ee\/lv\/rezervejiet-naktsmitni\/"]}]},{"@type":"ImageObject","inLanguage":"lv-LV","@id":"https:\/\/kaariku.ee\/lv\/rezervejiet-naktsmitni\/#primaryimage","url":"https:\/\/kaariku.ee\/wp-content\/uploads\/2022\/09\/tuba-kahele-kaariku-hotell3.jpg","contentUrl":"https:\/\/kaariku.ee\/wp-content\/uploads\/2022\/09\/tuba-kahele-kaariku-hotell3.jpg","width":2048,"height":1365,"caption":"K\u00e4\u00e4riku hotel twin room"},{"@type":"BreadcrumbList","@id":"https:\/\/kaariku.ee\/lv\/rezervejiet-naktsmitni\/#breadcrumb","itemListElement":[{"@type":"ListItem","position":1,"name":"Home","item":"https:\/\/kaariku.ee\/lv\/"},{"@type":"ListItem","position":2,"name":"Rezerv\u0113jiet naktsm\u012btni"}]},{"@type":"WebSite","@id":"https:\/\/kaariku.ee\/lv\/#website","url":"https:\/\/kaariku.ee\/lv\/","name":"K\u00e4\u00e4riku Spordikeskus","description":"Eesti Spordi Treeningkeskus aastast 1947","publisher":{"@id":"https:\/\/kaariku.ee\/lv\/#organization"},"potentialAction":[{"@type":"SearchAction","target":{"@type":"EntryPoint","urlTemplate":"https:\/\/kaariku.ee\/lv\/?s={search_term_string}"},"query-input":{"@type":"PropertyValueSpecification","valueRequired":true,"valueName":"search_term_string"}}],"inLanguage":"lv-LV"},{"@type":"Organization","@id":"https:\/\/kaariku.ee\/lv\/#organization","name":"K\u00e4\u00e4riku Spordikeskus","url":"https:\/\/kaariku.ee\/lv\/","logo":{"@type":"ImageObject","inLanguage":"lv-LV","@id":"https:\/\/kaariku.ee\/lv\/#\/schema\/logo\/image\/","url":"https:\/\/kaariku.ee\/wp-content\/uploads\/2025\/09\/Kaariku-Spordikeskus-logo-2.gif","contentUrl":"https:\/\/kaariku.ee\/wp-content\/uploads\/2025\/09\/Kaariku-Spordikeskus-logo-2.gif","width":1094,"height":996,"caption":"K\u00e4\u00e4riku Spordikeskus"},"image":{"@id":"https:\/\/kaariku.ee\/lv\/#\/schema\/logo\/image\/"},"sameAs":["https:\/\/www.facebook.com\/eestisporditreeningkeskus","https:\/\/www.instagram.com\/kaarikuspordikeskus\/"]}]}},"_links":{"self":[{"href":"https:\/\/kaariku.ee\/lv\/wp-json\/wp\/v2\/pages\/2878","targetHints":{"allow":["GET"]}}],"collection":[{"href":"https:\/\/kaariku.ee\/lv\/wp-json\/wp\/v2\/pages"}],"about":[{"href":"https:\/\/kaariku.ee\/lv\/wp-json\/wp\/v2\/types\/page"}],"author":[{"embeddable":true,"href":"https:\/\/kaariku.ee\/lv\/wp-json\/wp\/v2\/users\/2"}],"replies":[{"embeddable":true,"href":"https:\/\/kaariku.ee\/lv\/wp-json\/wp\/v2\/comments?post=2878"}],"version-history":[{"count":4,"href":"https:\/\/kaariku.ee\/lv\/wp-json\/wp\/v2\/pages\/2878\/revisions"}],"predecessor-version":[{"id":3621,"href":"https:\/\/kaariku.ee\/lv\/wp-json\/wp\/v2\/pages\/2878\/revisions\/3621"}],"wp:featuredmedia":[{"embeddable":true,"href":"https:\/\/kaariku.ee\/lv\/wp-json\/wp\/v2\/media\/2793"}],"wp:attachment":[{"href":"https:\/\/kaariku.ee\/lv\/wp-json\/wp\/v2\/media?parent=2878"}],"curies":[{"name":"wp","href":"https:\/\/api.w.org\/{rel}","templated":true}]}}