{"id":1380,"date":"2022-09-27T21:24:22","date_gmt":"2022-09-27T21:24:22","guid":{"rendered":"https:\/\/uus.kaariku.ee\/riidepesu-ja-kuivatusruum\/"},"modified":"2022-09-27T21:24:22","modified_gmt":"2022-09-27T21:24:22","slug":"riidepesu-ja-kuivatusruum","status":"publish","type":"page","link":"https:\/\/kaariku.ee\/ru\/riidepesu-ja-kuivatusruum\/","title":{"rendered":"Riidepesu ja kuivatusruum"},"content":{"rendered":"\n<p>Hotelli k\u00fclaliste tarbeks on kasutada iseteeniduslik riidepesu ja kuivatuskappide ruum, kus on v\u00f5imalik ka riideid triikida.<\/p>\n\n\n\n<p><a href=\"https:\/\/kaariku.ee\/en\/accommodation\/stay-at-kaariku-hotel-nature-comfort-sports\/\">Tagasi majutusv\u00f5imalusi vaatama<\/a><\/p>\n","protected":false},"excerpt":{"rendered":"<p>Hotelli k\u00fclaliste tarbeks on kasutada iseteeniduslik riidepesu ja kuivatuskappide ruum, kus on &#8230;<\/p>\n","protected":false},"author":2,"featured_media":1284,"parent":0,"menu_order":0,"comment_status":"closed","ping_status":"closed","template":"","meta":{"_acf_changed":false,"footnotes":""},"class_list":["post-1380","page","type-page","status-publish","has-post-thumbnail","hentry"],"acf":[],"yoast_head":"<!-- This site is optimized with the Yoast SEO plugin v27.4 - https:\/\/yoast.com\/product\/yoast-seo-wordpress\/ -->\n<title>Riidepesu ja kuivatusruum - K\u00e4\u00e4riku Spordikeskus<\/title>\n<meta name=\"robots\" content=\"index, follow, max-snippet:-1, max-image-preview:large, max-video-preview:-1\" \/>\n<link rel=\"canonical\" href=\"https:\/\/kaariku.ee\/ru\/riidepesu-ja-kuivatusruum\/\" \/>\n<meta property=\"og:locale\" content=\"ru_RU\" \/>\n<meta property=\"og:type\" content=\"article\" \/>\n<meta property=\"og:title\" content=\"Riidepesu ja kuivatusruum - K\u00e4\u00e4riku Spordikeskus\" \/>\n<meta property=\"og:description\" content=\"Hotelli k\u00fclaliste tarbeks on kasutada iseteeniduslik riidepesu ja kuivatuskappide ruum, kus on ...\" \/>\n<meta property=\"og:url\" content=\"https:\/\/kaariku.ee\/ru\/riidepesu-ja-kuivatusruum\/\" \/>\n<meta property=\"og:site_name\" content=\"K\u00e4\u00e4riku Spordikeskus\" \/>\n<meta property=\"article:publisher\" content=\"https:\/\/www.facebook.com\/eestisporditreeningkeskus\" \/>\n<meta property=\"og:image\" content=\"https:\/\/kaariku.ee\/wp-content\/uploads\/2022\/09\/riidepesu-ja-kuivatusruum.jpg\" \/>\n\t<meta property=\"og:image:width\" content=\"1280\" \/>\n\t<meta property=\"og:image:height\" content=\"854\" \/>\n\t<meta property=\"og:image:type\" content=\"image\/jpeg\" \/>\n<meta name=\"twitter:card\" content=\"summary_large_image\" \/>\n<script type=\"application\/ld+json\" class=\"yoast-schema-graph\">{\"@context\":\"https:\\\/\\\/schema.org\",\"@graph\":[{\"@type\":\"WebPage\",\"@id\":\"https:\\\/\\\/kaariku.ee\\\/ru\\\/riidepesu-ja-kuivatusruum\\\/\",\"url\":\"https:\\\/\\\/kaariku.ee\\\/ru\\\/riidepesu-ja-kuivatusruum\\\/\",\"name\":\"Riidepesu ja kuivatusruum - K\u00e4\u00e4riku Spordikeskus\",\"isPartOf\":{\"@id\":\"https:\\\/\\\/kaariku.ee\\\/ru\\\/#website\"},\"primaryImageOfPage\":{\"@id\":\"https:\\\/\\\/kaariku.ee\\\/ru\\\/riidepesu-ja-kuivatusruum\\\/#primaryimage\"},\"image\":{\"@id\":\"https:\\\/\\\/kaariku.ee\\\/ru\\\/riidepesu-ja-kuivatusruum\\\/#primaryimage\"},\"thumbnailUrl\":\"https:\\\/\\\/kaariku.ee\\\/wp-content\\\/uploads\\\/2022\\\/09\\\/riidepesu-ja-kuivatusruum.jpg\",\"datePublished\":\"2022-09-27T21:24:22+00:00\",\"breadcrumb\":{\"@id\":\"https:\\\/\\\/kaariku.ee\\\/ru\\\/riidepesu-ja-kuivatusruum\\\/#breadcrumb\"},\"inLanguage\":\"ru-RU\",\"potentialAction\":[{\"@type\":\"ReadAction\",\"target\":[\"https:\\\/\\\/kaariku.ee\\\/ru\\\/riidepesu-ja-kuivatusruum\\\/\"]}]},{\"@type\":\"ImageObject\",\"inLanguage\":\"ru-RU\",\"@id\":\"https:\\\/\\\/kaariku.ee\\\/ru\\\/riidepesu-ja-kuivatusruum\\\/#primaryimage\",\"url\":\"https:\\\/\\\/kaariku.ee\\\/wp-content\\\/uploads\\\/2022\\\/09\\\/riidepesu-ja-kuivatusruum.jpg\",\"contentUrl\":\"https:\\\/\\\/kaariku.ee\\\/wp-content\\\/uploads\\\/2022\\\/09\\\/riidepesu-ja-kuivatusruum.jpg\",\"width\":1280,\"height\":854},{\"@type\":\"BreadcrumbList\",\"@id\":\"https:\\\/\\\/kaariku.ee\\\/ru\\\/riidepesu-ja-kuivatusruum\\\/#breadcrumb\",\"itemListElement\":[{\"@type\":\"ListItem\",\"position\":1,\"name\":\"Home\",\"item\":\"https:\\\/\\\/kaariku.ee\\\/ru\\\/\"},{\"@type\":\"ListItem\",\"position\":2,\"name\":\"Riidepesu ja kuivatusruum\"}]},{\"@type\":\"WebSite\",\"@id\":\"https:\\\/\\\/kaariku.ee\\\/ru\\\/#website\",\"url\":\"https:\\\/\\\/kaariku.ee\\\/ru\\\/\",\"name\":\"K\u00e4\u00e4riku Spordikeskus\",\"description\":\"Eesti Spordi Treeningkeskus aastast 1947\",\"publisher\":{\"@id\":\"https:\\\/\\\/kaariku.ee\\\/ru\\\/#organization\"},\"potentialAction\":[{\"@type\":\"SearchAction\",\"target\":{\"@type\":\"EntryPoint\",\"urlTemplate\":\"https:\\\/\\\/kaariku.ee\\\/ru\\\/?s={search_term_string}\"},\"query-input\":{\"@type\":\"PropertyValueSpecification\",\"valueRequired\":true,\"valueName\":\"search_term_string\"}}],\"inLanguage\":\"ru-RU\"},{\"@type\":\"Organization\",\"@id\":\"https:\\\/\\\/kaariku.ee\\\/ru\\\/#organization\",\"name\":\"K\u00e4\u00e4riku Spordikeskus\",\"url\":\"https:\\\/\\\/kaariku.ee\\\/ru\\\/\",\"logo\":{\"@type\":\"ImageObject\",\"inLanguage\":\"ru-RU\",\"@id\":\"https:\\\/\\\/kaariku.ee\\\/ru\\\/#\\\/schema\\\/logo\\\/image\\\/\",\"url\":\"https:\\\/\\\/kaariku.ee\\\/wp-content\\\/uploads\\\/2025\\\/09\\\/Kaariku-Spordikeskus-logo-2.gif\",\"contentUrl\":\"https:\\\/\\\/kaariku.ee\\\/wp-content\\\/uploads\\\/2025\\\/09\\\/Kaariku-Spordikeskus-logo-2.gif\",\"width\":1094,\"height\":996,\"caption\":\"K\u00e4\u00e4riku Spordikeskus\"},\"image\":{\"@id\":\"https:\\\/\\\/kaariku.ee\\\/ru\\\/#\\\/schema\\\/logo\\\/image\\\/\"},\"sameAs\":[\"https:\\\/\\\/www.facebook.com\\\/eestisporditreeningkeskus\",\"https:\\\/\\\/www.instagram.com\\\/kaarikuspordikeskus\\\/\"]}]}<\/script>\n<!-- \/ Yoast SEO plugin. -->","yoast_head_json":{"title":"Riidepesu ja kuivatusruum - K\u00e4\u00e4riku Spordikeskus","robots":{"index":"index","follow":"follow","max-snippet":"max-snippet:-1","max-image-preview":"max-image-preview:large","max-video-preview":"max-video-preview:-1"},"canonical":"https:\/\/kaariku.ee\/ru\/riidepesu-ja-kuivatusruum\/","og_locale":"ru_RU","og_type":"article","og_title":"Riidepesu ja kuivatusruum - K\u00e4\u00e4riku Spordikeskus","og_description":"Hotelli k\u00fclaliste tarbeks on kasutada iseteeniduslik riidepesu ja kuivatuskappide ruum, kus on ...","og_url":"https:\/\/kaariku.ee\/ru\/riidepesu-ja-kuivatusruum\/","og_site_name":"K\u00e4\u00e4riku Spordikeskus","article_publisher":"https:\/\/www.facebook.com\/eestisporditreeningkeskus","og_image":[{"width":1280,"height":854,"url":"https:\/\/kaariku.ee\/wp-content\/uploads\/2022\/09\/riidepesu-ja-kuivatusruum.jpg","type":"image\/jpeg"}],"twitter_card":"summary_large_image","schema":{"@context":"https:\/\/schema.org","@graph":[{"@type":"WebPage","@id":"https:\/\/kaariku.ee\/ru\/riidepesu-ja-kuivatusruum\/","url":"https:\/\/kaariku.ee\/ru\/riidepesu-ja-kuivatusruum\/","name":"Riidepesu ja kuivatusruum - K\u00e4\u00e4riku Spordikeskus","isPartOf":{"@id":"https:\/\/kaariku.ee\/ru\/#website"},"primaryImageOfPage":{"@id":"https:\/\/kaariku.ee\/ru\/riidepesu-ja-kuivatusruum\/#primaryimage"},"image":{"@id":"https:\/\/kaariku.ee\/ru\/riidepesu-ja-kuivatusruum\/#primaryimage"},"thumbnailUrl":"https:\/\/kaariku.ee\/wp-content\/uploads\/2022\/09\/riidepesu-ja-kuivatusruum.jpg","datePublished":"2022-09-27T21:24:22+00:00","breadcrumb":{"@id":"https:\/\/kaariku.ee\/ru\/riidepesu-ja-kuivatusruum\/#breadcrumb"},"inLanguage":"ru-RU","potentialAction":[{"@type":"ReadAction","target":["https:\/\/kaariku.ee\/ru\/riidepesu-ja-kuivatusruum\/"]}]},{"@type":"ImageObject","inLanguage":"ru-RU","@id":"https:\/\/kaariku.ee\/ru\/riidepesu-ja-kuivatusruum\/#primaryimage","url":"https:\/\/kaariku.ee\/wp-content\/uploads\/2022\/09\/riidepesu-ja-kuivatusruum.jpg","contentUrl":"https:\/\/kaariku.ee\/wp-content\/uploads\/2022\/09\/riidepesu-ja-kuivatusruum.jpg","width":1280,"height":854},{"@type":"BreadcrumbList","@id":"https:\/\/kaariku.ee\/ru\/riidepesu-ja-kuivatusruum\/#breadcrumb","itemListElement":[{"@type":"ListItem","position":1,"name":"Home","item":"https:\/\/kaariku.ee\/ru\/"},{"@type":"ListItem","position":2,"name":"Riidepesu ja kuivatusruum"}]},{"@type":"WebSite","@id":"https:\/\/kaariku.ee\/ru\/#website","url":"https:\/\/kaariku.ee\/ru\/","name":"K\u00e4\u00e4riku Spordikeskus","description":"Eesti Spordi Treeningkeskus aastast 1947","publisher":{"@id":"https:\/\/kaariku.ee\/ru\/#organization"},"potentialAction":[{"@type":"SearchAction","target":{"@type":"EntryPoint","urlTemplate":"https:\/\/kaariku.ee\/ru\/?s={search_term_string}"},"query-input":{"@type":"PropertyValueSpecification","valueRequired":true,"valueName":"search_term_string"}}],"inLanguage":"ru-RU"},{"@type":"Organization","@id":"https:\/\/kaariku.ee\/ru\/#organization","name":"K\u00e4\u00e4riku Spordikeskus","url":"https:\/\/kaariku.ee\/ru\/","logo":{"@type":"ImageObject","inLanguage":"ru-RU","@id":"https:\/\/kaariku.ee\/ru\/#\/schema\/logo\/image\/","url":"https:\/\/kaariku.ee\/wp-content\/uploads\/2025\/09\/Kaariku-Spordikeskus-logo-2.gif","contentUrl":"https:\/\/kaariku.ee\/wp-content\/uploads\/2025\/09\/Kaariku-Spordikeskus-logo-2.gif","width":1094,"height":996,"caption":"K\u00e4\u00e4riku Spordikeskus"},"image":{"@id":"https:\/\/kaariku.ee\/ru\/#\/schema\/logo\/image\/"},"sameAs":["https:\/\/www.facebook.com\/eestisporditreeningkeskus","https:\/\/www.instagram.com\/kaarikuspordikeskus\/"]}]}},"_links":{"self":[{"href":"https:\/\/kaariku.ee\/ru\/wp-json\/wp\/v2\/pages\/1380","targetHints":{"allow":["GET"]}}],"collection":[{"href":"https:\/\/kaariku.ee\/ru\/wp-json\/wp\/v2\/pages"}],"about":[{"href":"https:\/\/kaariku.ee\/ru\/wp-json\/wp\/v2\/types\/page"}],"author":[{"embeddable":true,"href":"https:\/\/kaariku.ee\/ru\/wp-json\/wp\/v2\/users\/2"}],"replies":[{"embeddable":true,"href":"https:\/\/kaariku.ee\/ru\/wp-json\/wp\/v2\/comments?post=1380"}],"version-history":[{"count":0,"href":"https:\/\/kaariku.ee\/ru\/wp-json\/wp\/v2\/pages\/1380\/revisions"}],"wp:featuredmedia":[{"embeddable":true,"href":"https:\/\/kaariku.ee\/ru\/wp-json\/wp\/v2\/media\/1284"}],"wp:attachment":[{"href":"https:\/\/kaariku.ee\/ru\/wp-json\/wp\/v2\/media?parent=1380"}],"curies":[{"name":"wp","href":"https:\/\/api.w.org\/{rel}","templated":true}]}}