{"id":1382,"date":"2022-09-18T23:36:14","date_gmt":"2022-09-18T23:36:14","guid":{"rendered":"https:\/\/uus.kaariku.ee\/kontakt\/"},"modified":"2025-05-07T07:18:05","modified_gmt":"2025-05-07T07:18:05","slug":"kontakt","status":"publish","type":"page","link":"https:\/\/kaariku.ee\/ru\/kontakt\/","title":{"rendered":"Kontakt"},"content":{"rendered":"\n<div class=\"wp-block-columns is-layout-flex wp-container-core-columns-is-layout-9d6595d7 wp-block-columns-is-layout-flex\">\n<div class=\"wp-block-column is-layout-flow wp-block-column-is-layout-flow\" style=\"flex-basis:100%\">\n<div class=\"wp-block-group\"><div class=\"wp-block-group__inner-container is-layout-flow wp-block-group-is-layout-flow\">\n<div class=\"wp-block-group\"><div class=\"wp-block-group__inner-container is-layout-flow wp-block-group-is-layout-flow\">\n<div class=\"wp-block-group\"><div class=\"wp-block-group__inner-container is-layout-flow wp-block-group-is-layout-flow\">\n<div class=\"wp-block-columns is-layout-flex wp-container-core-columns-is-layout-9d6595d7 wp-block-columns-is-layout-flex\">\n<div class=\"wp-block-column is-layout-flow wp-block-column-is-layout-flow\">\n<p><strong><strong>SA Tehvandi Spordikeskus<\/strong><\/strong><\/p>\n\n\n\n<p class=\"has-small-font-size\">www.tehvandisa.ee; tehvandi@tehvandi.ee<\/p>\n\n\n\n<p><strong>\u0420\u0435\u0433\u0438\u0441\u0442\u0440\u0430\u0446\u0438\u043e\u043d\u043d\u044b\u0439 \u043a\u043e\u0434<\/strong>: 90007715<br><strong>KMKR<\/strong>: EE100942233<\/p>\n\n\n\n<div style=\"height:30px\" aria-hidden=\"true\" class=\"wp-block-spacer\"><\/div>\n\n\n\n<p><strong>\u0411\u0430\u043d\u043a\u043e\u0432\u0441\u043a\u0438\u0435 \u0441\u0447\u0435\u0442\u0430:<\/strong><\/p>\n\n\n\n<p><strong><em>(SEB)<\/em><\/strong><br>EE171010220041128012 <br>SWIFT(BIC) &#8212; EEUHEE2X<\/p>\n\n\n\n<p><\/p>\n<\/div>\n\n\n\n<div class=\"wp-block-column is-layout-flow wp-block-column-is-layout-flow\">\n<p><strong><strong>K\u00e4\u00e4riku Spordikeskus<\/strong>&nbsp;<\/strong><br>K\u00e4\u00e4riku 67309, Otep\u00e4\u00e4 vald. Eesti<\/p>\n\n\n\n<p><strong>\u0418\u043d\u0444\u043e\u0440\u043c\u0430\u0446\u0438\u044f \u0438 \u0431\u0440\u043e\u043d\u0438\u0440\u043e\u0432\u0430\u043d\u0438\u0435:<\/strong><br>(+372) 766 5600, (+372) 510 9209<\/p>\n\n\n\n<p><strong>\u042d\u043b\u0435\u043a\u0442\u0440\u043e\u043d\u043d\u0430\u044f \u043f\u043e\u0447\u0442\u0430:<\/strong><br>kaariku@tehvandi.ee<\/p>\n\n\n\n<div style=\"height:100px\" aria-hidden=\"true\" class=\"wp-block-spacer\"><\/div>\n\n\n\n<div class=\"wp-block-group\"><div class=\"wp-block-group__inner-container is-layout-flow wp-block-group-is-layout-flow\">\n<div class=\"col-xs-12 col-md-12 col-lg-12\">\n\t\t\t<a href=\"https:\/\/www.facebook.com\/eestisporditreeningkeskus\" target=\"_blank\" rel=\"noopener\"><img decoding=\"async\" src=\"https:\/\/kaariku.ee\/wp-content\/themes\/kaariku\/img\/fb.png\"><\/a>\n\n\t\t\t<a href=\"https:\/\/www.youtube.com\/user\/Kaariku\" target=\"_blank\" rel=\"noopener\"><img decoding=\"async\" src=\"https:\/\/kaariku.ee\/wp-content\/themes\/kaariku\/img\/youtube.png\"><\/a>\n\t\t<\/div>\n<\/div><\/div>\n<\/div>\n<\/div>\n<\/div><\/div>\n<\/div><\/div>\n<\/div><\/div>\n<\/div>\n<\/div>\n","protected":false},"excerpt":{"rendered":"<p>SA Tehvandi Spordikeskus www.tehvandisa.ee; tehvandi@tehvandi.ee \u0420\u0435\u0433\u0438\u0441\u0442\u0440\u0430\u0446\u0438\u043e\u043d\u043d\u044b\u0439 \u043a\u043e\u0434: 90007715KMKR: EE100942233 \u0411\u0430\u043d\u043a\u043e\u0432\u0441\u043a\u0438\u0435 \u0441\u0447\u0435\u0442\u0430: (SEB)EE171010220041128012 &#8230;<\/p>\n","protected":false},"author":2,"featured_media":0,"parent":0,"menu_order":0,"comment_status":"closed","ping_status":"closed","template":"","meta":{"_acf_changed":false,"footnotes":""},"class_list":["post-1382","page","type-page","status-publish","hentry"],"acf":[],"yoast_head":"<!-- This site is optimized with the Yoast SEO plugin v27.4 - https:\/\/yoast.com\/product\/yoast-seo-wordpress\/ -->\n<title>Kontakt - K\u00e4\u00e4riku Spordikeskus<\/title>\n<meta name=\"robots\" content=\"index, follow, max-snippet:-1, max-image-preview:large, max-video-preview:-1\" \/>\n<link rel=\"canonical\" href=\"https:\/\/kaariku.ee\/ru\/kontakt\/\" \/>\n<meta property=\"og:locale\" content=\"ru_RU\" \/>\n<meta property=\"og:type\" content=\"article\" \/>\n<meta property=\"og:title\" content=\"Kontakt - K\u00e4\u00e4riku Spordikeskus\" \/>\n<meta property=\"og:description\" content=\"SA Tehvandi Spordikeskus www.tehvandisa.ee; tehvandi@tehvandi.ee \u0420\u0435\u0433\u0438\u0441\u0442\u0440\u0430\u0446\u0438\u043e\u043d\u043d\u044b\u0439 \u043a\u043e\u0434: 90007715KMKR: EE100942233 \u0411\u0430\u043d\u043a\u043e\u0432\u0441\u043a\u0438\u0435 \u0441\u0447\u0435\u0442\u0430: (SEB)EE171010220041128012 ...\" \/>\n<meta property=\"og:url\" content=\"https:\/\/kaariku.ee\/ru\/kontakt\/\" \/>\n<meta property=\"og:site_name\" content=\"K\u00e4\u00e4riku Spordikeskus\" \/>\n<meta property=\"article:publisher\" content=\"https:\/\/www.facebook.com\/eestisporditreeningkeskus\" \/>\n<meta property=\"article:modified_time\" content=\"2025-05-07T07:18:05+00:00\" \/>\n<meta property=\"og:image\" content=\"https:\/\/kaariku.ee\/wp-content\/themes\/kaariku\/img\/fb.png\" \/>\n<meta name=\"twitter:card\" content=\"summary_large_image\" \/>\n<script type=\"application\/ld+json\" class=\"yoast-schema-graph\">{\"@context\":\"https:\\\/\\\/schema.org\",\"@graph\":[{\"@type\":\"WebPage\",\"@id\":\"https:\\\/\\\/kaariku.ee\\\/ru\\\/kontakt\\\/\",\"url\":\"https:\\\/\\\/kaariku.ee\\\/ru\\\/kontakt\\\/\",\"name\":\"Kontakt - K\u00e4\u00e4riku Spordikeskus\",\"isPartOf\":{\"@id\":\"https:\\\/\\\/kaariku.ee\\\/ru\\\/#website\"},\"primaryImageOfPage\":{\"@id\":\"https:\\\/\\\/kaariku.ee\\\/ru\\\/kontakt\\\/#primaryimage\"},\"image\":{\"@id\":\"https:\\\/\\\/kaariku.ee\\\/ru\\\/kontakt\\\/#primaryimage\"},\"thumbnailUrl\":\"https:\\\/\\\/kaariku.ee\\\/wp-content\\\/themes\\\/kaariku\\\/img\\\/fb.png\",\"datePublished\":\"2022-09-18T23:36:14+00:00\",\"dateModified\":\"2025-05-07T07:18:05+00:00\",\"breadcrumb\":{\"@id\":\"https:\\\/\\\/kaariku.ee\\\/ru\\\/kontakt\\\/#breadcrumb\"},\"inLanguage\":\"ru-RU\",\"potentialAction\":[{\"@type\":\"ReadAction\",\"target\":[\"https:\\\/\\\/kaariku.ee\\\/ru\\\/kontakt\\\/\"]}]},{\"@type\":\"ImageObject\",\"inLanguage\":\"ru-RU\",\"@id\":\"https:\\\/\\\/kaariku.ee\\\/ru\\\/kontakt\\\/#primaryimage\",\"url\":\"https:\\\/\\\/kaariku.ee\\\/wp-content\\\/themes\\\/kaariku\\\/img\\\/fb.png\",\"contentUrl\":\"https:\\\/\\\/kaariku.ee\\\/wp-content\\\/themes\\\/kaariku\\\/img\\\/fb.png\"},{\"@type\":\"BreadcrumbList\",\"@id\":\"https:\\\/\\\/kaariku.ee\\\/ru\\\/kontakt\\\/#breadcrumb\",\"itemListElement\":[{\"@type\":\"ListItem\",\"position\":1,\"name\":\"Home\",\"item\":\"https:\\\/\\\/kaariku.ee\\\/ru\\\/\"},{\"@type\":\"ListItem\",\"position\":2,\"name\":\"Kontakt\"}]},{\"@type\":\"WebSite\",\"@id\":\"https:\\\/\\\/kaariku.ee\\\/ru\\\/#website\",\"url\":\"https:\\\/\\\/kaariku.ee\\\/ru\\\/\",\"name\":\"K\u00e4\u00e4riku Spordikeskus\",\"description\":\"Eesti Spordi Treeningkeskus aastast 1947\",\"publisher\":{\"@id\":\"https:\\\/\\\/kaariku.ee\\\/ru\\\/#organization\"},\"potentialAction\":[{\"@type\":\"SearchAction\",\"target\":{\"@type\":\"EntryPoint\",\"urlTemplate\":\"https:\\\/\\\/kaariku.ee\\\/ru\\\/?s={search_term_string}\"},\"query-input\":{\"@type\":\"PropertyValueSpecification\",\"valueRequired\":true,\"valueName\":\"search_term_string\"}}],\"inLanguage\":\"ru-RU\"},{\"@type\":\"Organization\",\"@id\":\"https:\\\/\\\/kaariku.ee\\\/ru\\\/#organization\",\"name\":\"K\u00e4\u00e4riku Spordikeskus\",\"url\":\"https:\\\/\\\/kaariku.ee\\\/ru\\\/\",\"logo\":{\"@type\":\"ImageObject\",\"inLanguage\":\"ru-RU\",\"@id\":\"https:\\\/\\\/kaariku.ee\\\/ru\\\/#\\\/schema\\\/logo\\\/image\\\/\",\"url\":\"https:\\\/\\\/kaariku.ee\\\/wp-content\\\/uploads\\\/2025\\\/09\\\/Kaariku-Spordikeskus-logo-2.gif\",\"contentUrl\":\"https:\\\/\\\/kaariku.ee\\\/wp-content\\\/uploads\\\/2025\\\/09\\\/Kaariku-Spordikeskus-logo-2.gif\",\"width\":1094,\"height\":996,\"caption\":\"K\u00e4\u00e4riku Spordikeskus\"},\"image\":{\"@id\":\"https:\\\/\\\/kaariku.ee\\\/ru\\\/#\\\/schema\\\/logo\\\/image\\\/\"},\"sameAs\":[\"https:\\\/\\\/www.facebook.com\\\/eestisporditreeningkeskus\",\"https:\\\/\\\/www.instagram.com\\\/kaarikuspordikeskus\\\/\"]}]}<\/script>\n<!-- \/ Yoast SEO plugin. -->","yoast_head_json":{"title":"Kontakt - K\u00e4\u00e4riku Spordikeskus","robots":{"index":"index","follow":"follow","max-snippet":"max-snippet:-1","max-image-preview":"max-image-preview:large","max-video-preview":"max-video-preview:-1"},"canonical":"https:\/\/kaariku.ee\/ru\/kontakt\/","og_locale":"ru_RU","og_type":"article","og_title":"Kontakt - K\u00e4\u00e4riku Spordikeskus","og_description":"SA Tehvandi Spordikeskus www.tehvandisa.ee; tehvandi@tehvandi.ee \u0420\u0435\u0433\u0438\u0441\u0442\u0440\u0430\u0446\u0438\u043e\u043d\u043d\u044b\u0439 \u043a\u043e\u0434: 90007715KMKR: EE100942233 \u0411\u0430\u043d\u043a\u043e\u0432\u0441\u043a\u0438\u0435 \u0441\u0447\u0435\u0442\u0430: (SEB)EE171010220041128012 ...","og_url":"https:\/\/kaariku.ee\/ru\/kontakt\/","og_site_name":"K\u00e4\u00e4riku Spordikeskus","article_publisher":"https:\/\/www.facebook.com\/eestisporditreeningkeskus","article_modified_time":"2025-05-07T07:18:05+00:00","og_image":[{"url":"https:\/\/kaariku.ee\/wp-content\/themes\/kaariku\/img\/fb.png","type":"","width":"","height":""}],"twitter_card":"summary_large_image","schema":{"@context":"https:\/\/schema.org","@graph":[{"@type":"WebPage","@id":"https:\/\/kaariku.ee\/ru\/kontakt\/","url":"https:\/\/kaariku.ee\/ru\/kontakt\/","name":"Kontakt - K\u00e4\u00e4riku Spordikeskus","isPartOf":{"@id":"https:\/\/kaariku.ee\/ru\/#website"},"primaryImageOfPage":{"@id":"https:\/\/kaariku.ee\/ru\/kontakt\/#primaryimage"},"image":{"@id":"https:\/\/kaariku.ee\/ru\/kontakt\/#primaryimage"},"thumbnailUrl":"https:\/\/kaariku.ee\/wp-content\/themes\/kaariku\/img\/fb.png","datePublished":"2022-09-18T23:36:14+00:00","dateModified":"2025-05-07T07:18:05+00:00","breadcrumb":{"@id":"https:\/\/kaariku.ee\/ru\/kontakt\/#breadcrumb"},"inLanguage":"ru-RU","potentialAction":[{"@type":"ReadAction","target":["https:\/\/kaariku.ee\/ru\/kontakt\/"]}]},{"@type":"ImageObject","inLanguage":"ru-RU","@id":"https:\/\/kaariku.ee\/ru\/kontakt\/#primaryimage","url":"https:\/\/kaariku.ee\/wp-content\/themes\/kaariku\/img\/fb.png","contentUrl":"https:\/\/kaariku.ee\/wp-content\/themes\/kaariku\/img\/fb.png"},{"@type":"BreadcrumbList","@id":"https:\/\/kaariku.ee\/ru\/kontakt\/#breadcrumb","itemListElement":[{"@type":"ListItem","position":1,"name":"Home","item":"https:\/\/kaariku.ee\/ru\/"},{"@type":"ListItem","position":2,"name":"Kontakt"}]},{"@type":"WebSite","@id":"https:\/\/kaariku.ee\/ru\/#website","url":"https:\/\/kaariku.ee\/ru\/","name":"K\u00e4\u00e4riku Spordikeskus","description":"Eesti Spordi Treeningkeskus aastast 1947","publisher":{"@id":"https:\/\/kaariku.ee\/ru\/#organization"},"potentialAction":[{"@type":"SearchAction","target":{"@type":"EntryPoint","urlTemplate":"https:\/\/kaariku.ee\/ru\/?s={search_term_string}"},"query-input":{"@type":"PropertyValueSpecification","valueRequired":true,"valueName":"search_term_string"}}],"inLanguage":"ru-RU"},{"@type":"Organization","@id":"https:\/\/kaariku.ee\/ru\/#organization","name":"K\u00e4\u00e4riku Spordikeskus","url":"https:\/\/kaariku.ee\/ru\/","logo":{"@type":"ImageObject","inLanguage":"ru-RU","@id":"https:\/\/kaariku.ee\/ru\/#\/schema\/logo\/image\/","url":"https:\/\/kaariku.ee\/wp-content\/uploads\/2025\/09\/Kaariku-Spordikeskus-logo-2.gif","contentUrl":"https:\/\/kaariku.ee\/wp-content\/uploads\/2025\/09\/Kaariku-Spordikeskus-logo-2.gif","width":1094,"height":996,"caption":"K\u00e4\u00e4riku Spordikeskus"},"image":{"@id":"https:\/\/kaariku.ee\/ru\/#\/schema\/logo\/image\/"},"sameAs":["https:\/\/www.facebook.com\/eestisporditreeningkeskus","https:\/\/www.instagram.com\/kaarikuspordikeskus\/"]}]}},"_links":{"self":[{"href":"https:\/\/kaariku.ee\/ru\/wp-json\/wp\/v2\/pages\/1382","targetHints":{"allow":["GET"]}}],"collection":[{"href":"https:\/\/kaariku.ee\/ru\/wp-json\/wp\/v2\/pages"}],"about":[{"href":"https:\/\/kaariku.ee\/ru\/wp-json\/wp\/v2\/types\/page"}],"author":[{"embeddable":true,"href":"https:\/\/kaariku.ee\/ru\/wp-json\/wp\/v2\/users\/2"}],"replies":[{"embeddable":true,"href":"https:\/\/kaariku.ee\/ru\/wp-json\/wp\/v2\/comments?post=1382"}],"version-history":[{"count":5,"href":"https:\/\/kaariku.ee\/ru\/wp-json\/wp\/v2\/pages\/1382\/revisions"}],"predecessor-version":[{"id":3826,"href":"https:\/\/kaariku.ee\/ru\/wp-json\/wp\/v2\/pages\/1382\/revisions\/3826"}],"wp:attachment":[{"href":"https:\/\/kaariku.ee\/ru\/wp-json\/wp\/v2\/media?parent=1382"}],"curies":[{"name":"wp","href":"https:\/\/api.w.org\/{rel}","templated":true}]}}